{"id":92,"date":"2024-08-05T23:55:45","date_gmt":"2024-08-05T16:55:45","guid":{"rendered":"https:\/\/batlote.org\/?page_id=92"},"modified":"2024-09-18T23:43:41","modified_gmt":"2024-09-18T16:43:41","slug":"gioi-thieu-cam-nang-nuoi-con","status":"publish","type":"page","link":"https:\/\/batlote.org\/?page_id=92","title":{"rendered":"Gi\u1edbi thi\u1ec7u"},"content":{"rendered":"\n<div class=\"wp-block-group alignfull\" style=\"padding-top:var(--wp--preset--spacing--50);padding-right:var(--wp--preset--spacing--50);padding-bottom:var(--wp--preset--spacing--50);padding-left:var(--wp--preset--spacing--50)\"><div class=\"wp-block-group__inner-container is-layout-constrained wp-container-core-group-is-layout-f4d13f5d wp-block-group-is-layout-constrained\">\n<div class=\"wp-block-group\"><div class=\"wp-block-group__inner-container is-layout-constrained wp-container-core-group-is-layout-04692c70 wp-block-group-is-layout-constrained\">\n<h1 class=\"wp-block-heading has-text-align-center has-x-large-font-size\">Xin ch\u00e0o c\u00e1c m\u1eb9 t\u1eebng l\u00e0 &#8216;n\u1ea1n nh\u00e2n&#8221; c\u1ee7a BATLOTE<\/h1>\n\n\n\n<div style=\"height:1.25rem\" aria-hidden=\"true\" class=\"wp-block-spacer\"><\/div>\n\n\n\n<p class=\"has-text-align-center\">Ch\u1eafc h\u1eb3n khi l\u00e0m m\u1eb9, m\u1ed7i ch\u00fang ta \u0111\u1ec1u c\u00f3 nh\u1eefng l\u00fac c\u1ea3m th\u1ea5y loay hoay khi con qu\u1ea5y kh\u00f3c, l\u01b0\u1eddi \u0103n s\u1eefa v\u00e0 tr\u1eb1n tr\u1ecdc khi ng\u1ee7 v\u00e0 t\u00ecm \u0111\u1ee7 m\u1ecdi c\u00e1ch \u0111\u1ec3 kh\u1eafc ph\u1ee5c. L\u1ee3i d\u1ee5ng nh\u1eefng l\u00fac &#8220;y\u1ebfu l\u00f2ng&#8221; c\u1ee7a c\u00e1c m\u1eb9 b\u1ec9m. Admin c\u1ee7a <strong>BATLOTE \u0111\u00e3 thao t\u00fang<\/strong> c\u00e1c m\u1eb9 b\u1eb1ng <strong>kh\u00f3a h\u1ecdc r\u00e8n \u0103n, r\u00e8n s\u1eefa,<\/strong> r\u00e8n ng\u1ee7 v\u1edbi <strong>gi\u00e1 c\u1eaft c\u1ed5 <\/strong>v\u00e0i tri\u1ec7u \u0111\u1ed3ng \u0111\u1ebfn h\u00e0ng ch\u1ee5c tri\u1ec7u \u0111\u1ed3ng. \u0110\u00e3 c\u00f3 v\u00f4 s\u1ed1 m\u1eb9 m\u1ea5t ti\u1ec1n oan nh\u01b0ng kh\u00f4ng d\u00e1m \u0111\u1ee9ng l\u00ean v\u1ea1ch tr\u1ea7n, nh\u01b0ng c\u00f3 t\u00f4i &#8211; n\u1ea1n nh\u00e2n c\u1ee7a kh\u00f3a l\u00f9a g\u00e0 c\u1eaft c\u1ed5 t\u1eeb BATLOTE<\/p>\n\n\n\n<div style=\"height:1.25rem\" aria-hidden=\"true\" class=\"wp-block-spacer\"><\/div>\n\n\n\n<div class=\"wp-block-buttons is-content-justification-center is-layout-flex wp-container-core-buttons-is-layout-16018d1d wp-block-buttons-is-layout-flex\">\n<div class=\"wp-block-button\"><a class=\"wp-block-button__link wp-element-button\">Xem th\u00eam<\/a><\/div>\n<\/div>\n<\/div><\/div>\n\n\n\n<div style=\"height:var(--wp--preset--spacing--30)\" aria-hidden=\"true\" class=\"wp-block-spacer\"><\/div>\n\n\n\n<figure class=\"wp-block-image size-full\"><img loading=\"lazy\" decoding=\"async\" width=\"2560\" height=\"1280\" src=\"https:\/\/batlote.org\/wp-content\/uploads\/2024\/09\/z5814316233103_c55ab5e719394999ca1d3124a1ddc6f4.jpg\" alt=\"\" class=\"wp-image-117\" srcset=\"https:\/\/batlote.org\/wp-content\/uploads\/2024\/09\/z5814316233103_c55ab5e719394999ca1d3124a1ddc6f4.jpg 2560w, https:\/\/batlote.org\/wp-content\/uploads\/2024\/09\/z5814316233103_c55ab5e719394999ca1d3124a1ddc6f4-300x150.jpg 300w, https:\/\/batlote.org\/wp-content\/uploads\/2024\/09\/z5814316233103_c55ab5e719394999ca1d3124a1ddc6f4-1024x512.jpg 1024w, https:\/\/batlote.org\/wp-content\/uploads\/2024\/09\/z5814316233103_c55ab5e719394999ca1d3124a1ddc6f4-768x384.jpg 768w, https:\/\/batlote.org\/wp-content\/uploads\/2024\/09\/z5814316233103_c55ab5e719394999ca1d3124a1ddc6f4-1536x768.jpg 1536w, https:\/\/batlote.org\/wp-content\/uploads\/2024\/09\/z5814316233103_c55ab5e719394999ca1d3124a1ddc6f4-2048x1024.jpg 2048w\" sizes=\"auto, (max-width: 2560px) 100vw, 2560px\" \/><\/figure>\n<\/div><\/div>\n\n\n\n<div class=\"wp-block-group alignfull has-base-2-background-color has-background\" style=\"margin-top:0;margin-bottom:0;padding-top:var(--wp--preset--spacing--50);padding-right:var(--wp--preset--spacing--50);padding-bottom:var(--wp--preset--spacing--50);padding-left:var(--wp--preset--spacing--50)\"><div class=\"wp-block-group__inner-container is-layout-constrained wp-container-core-group-is-layout-2bafd31c wp-block-group-is-layout-constrained\">\n<div class=\"wp-block-group is-vertical is-content-justification-center is-layout-flex wp-container-core-group-is-layout-7681721f wp-block-group-is-layout-flex\">\n<h2 class=\"wp-block-heading has-text-align-center is-style-asterisk\">T\u1ea1i sao m\u00ecnh l\u1ea1i &#8220;V\u1ea1ch tr\u1ea7n BATLOTE<\/h2>\n\n\n\n<div style=\"height:0px\" aria-hidden=\"true\" class=\"wp-block-spacer wp-container-content-4f2ccadb\"><\/div>\n\n\n\n<p class=\"has-text-align-center\">L\u00e0 m\u1ed9t ng\u01b0\u1eddi m\u1eb9 t\u1eadp \u0111\u1ea7u, l\u00f3ng ng\u00f3ng m\u1ecdi th\u1ee9 khi ch\u0103m con n\u00ean d\u1ec5 d\u00e0ng b\u1ecb d\u1ee5 v\u00e0o kh\u00f3a h\u1ecdc BATLOTE v\u1edbi m\u01a1 m\u1ed9ng &#8220;\u1eea th\u00ec m\u1ea5t ti\u1ec1n n\u00ean l\u00e0 con s\u1ebd c\u1ea3i thi\u1ec7n th\u00f4i&#8221;. Nh\u01b0ng kh\u00f4ng, ng\u01b0\u1eddi ta n\u00f3i khi m\u00e0 b\u1ea1n hi v\u1ecdng v\u00e0o m\u1ed9t c\u00e1i g\u00ec qu\u00e1 th\u00ec n\u00f3 s\u1ebd v\u1ea3 l\u1ea1i b\u1ea1n s\u1ef1 th\u1eadt ph\u0169 ph\u00e0ng h\u01a1n g\u1ea5p v\u1ea1n l\u1ea7n. <\/p>\n\n\n\n<p>M\u00ecnh m\u1ea5t c\u1ea3 ch\u1ee5c tri\u1ec7u cho kh\u00f3a h\u1ecdc nh\u01b0ng th\u1ee9 m\u00ecnh nh\u1eadn l\u1ea1i l\u00e0&#8230;.<\/p>\n\n\n\n<p class=\"has-text-align-center\"><\/p>\n<\/div>\n\n\n\n<div style=\"margin-top:0;margin-bottom:0;height:var(--wp--preset--spacing--40)\" aria-hidden=\"true\" class=\"wp-block-spacer\"><\/div>\n\n\n\n<div class=\"wp-block-columns alignwide is-layout-flex wp-container-core-columns-is-layout-2aabe216 wp-block-columns-is-layout-flex\">\n<div class=\"wp-block-column is-layout-flow wp-block-column-is-layout-flow\">\n<h3 class=\"wp-block-heading has-text-align-left is-style-asterisk has-body-font-family has-medium-font-size\" style=\"font-style:normal;font-weight:600\">Ki\u1ebfn th\u1ee9c chung chung tr\u00ean internet <\/h3>\n\n\n\n<p class=\"has-text-align-left\">Nh\u1eefng b\u00e0i post, nh\u1eefng b\u00e0i ghim ki\u1ebfn th\u1ee9c \u0111\u1ec1u l\u1ea5y nguy\u00ean b\u1ea3n t\u1eeb c\u00e1c b\u00e0i vi\u1ebft chia s\u1ebb c\u1ee7a c\u00e1c m\u1eb9 kh\u00e1c tr\u00ean facebook\/ yahoo\/ google\/ tiktok \u0111\u1ec3 x\u00e0o x\u00e0o l\u1ea1i m\u1ed9t c\u00e1ch c\u1ea9u th\u1ea3.<\/p>\n<\/div>\n\n\n\n<div class=\"wp-block-column is-layout-flow wp-block-column-is-layout-flow\">\n<h3 class=\"wp-block-heading has-text-align-left is-style-asterisk has-body-font-family has-medium-font-size\" style=\"font-style:normal;font-weight:600\">Quy t\u1eafc mang t\u00ednh c\u01b0\u1ee1ng ch\u1ebf<\/h3>\n\n\n\n<p class=\"has-text-align-left\">Tham gia c\u00e1c nh\u00f3m r\u00e8n s\u1eefa cho con, admin \u0111\u1ec1u \u0111\u01b0a ra c\u00e1c quy t\u1eafc r\u1ea5t c\u1ef1c \u0111oan v\u00e0 m\u00ecnh c\u1ea3m gi\u00e1c admin kh\u00f4ng h\u1ec1 s\u00f3t con tr\u1ebb 1 t\u00fd n\u00e0o. Tr\u1ea3 l\u1eddi h\u1eddi h\u1eddi, chung chung r\u1eadp khu\u00f4n &#8211; ph\u1ea3i ch\u0103ng \u0111\u00e2y l\u00e0 nh\u1eefng g\u00ec g\u00f3i Vip k\u00e8m 1:1 l\u00f2e c\u00e1c m\u1eb9 b\u1ec9m nh\u1eb9 d\u1ea1 c\u1ea3 tin nh\u01b0 m\u00ecnh.<\/p>\n<\/div>\n\n\n\n<div class=\"wp-block-column is-layout-flow wp-block-column-is-layout-flow\">\n<h3 class=\"wp-block-heading has-text-align-left is-style-asterisk has-body-font-family has-medium-font-size\" style=\"font-style:normal;font-weight:600\">Admin \u0111\u1ed9c \u0111o\u00e1n, chuy\u00ean b\u00eau r\u1ebfu ng\u01b0\u1eddi kh\u00e1c<\/h3>\n\n\n\n<p class=\"has-text-align-left\">Tham gia nh\u00f3m BATLOTE, m\u00ecnh s\u1ed1c v\u1edbi c\u00e1ch c\u01b0 x\u1eed c\u1ee7a admin, ng\u01b0\u1eddi t\u1ef1 nh\u1eadn l\u00e0 cha \u0111\u1ebb ph\u01b0\u01a1ng ph\u00e1p. Admin ch\u1ec9 tr\u1ea3 l\u1eddi b\u1eb1ng nh\u1eefng c\u00e2u nh\u01b0 &#8220;\u0110\u1ecdc b\u00e0i ghim&#8221; v\u00e0 c\u00f4ng k\u00edch \u0111\u1ed1i th\u1ee7, \u0111\u1ed3ng th\u1eddi l\u1eadp nh\u00f3m n\u00f3i x\u1ea5u v\u00e0 x\u00e2m ph\u1ea1m \u0111\u1eddi t\u01b0. Thay v\u00ec h\u1ed7 tr\u1ee3 c\u00e1c m\u1eb9, admin ch\u1ec9 ch\u0103m ch\u0103m ch\u1ec9 tr\u00edch ng\u01b0\u1eddi kh\u00e1c. Li\u1ec7u th\u00e1i \u0111\u1ed9 n\u00e0y c\u00f3 \u0111\u00e1ng t\u00f4n tr\u1ecdng kh\u00f4ng?<\/p>\n<\/div>\n<\/div>\n\n\n\n<div style=\"height:var(--wp--preset--spacing--20)\" aria-hidden=\"true\" class=\"wp-block-spacer\"><\/div>\n<\/div><\/div>\n\n\n\n<div class=\"wp-block-group alignfull\" style=\"margin-top:0;margin-bottom:0;padding-top:var(--wp--preset--spacing--50);padding-right:var(--wp--preset--spacing--50);padding-bottom:var(--wp--preset--spacing--50);padding-left:var(--wp--preset--spacing--50)\"><div class=\"wp-block-group__inner-container is-layout-constrained wp-container-core-group-is-layout-9cf8f26d wp-block-group-is-layout-constrained\">\n<div class=\"wp-block-group alignwide\"><div class=\"wp-block-group__inner-container is-layout-constrained wp-block-group-is-layout-constrained\">\n<div class=\"wp-block-group is-vertical is-content-justification-center is-layout-flex wp-container-core-group-is-layout-a170cc76 wp-block-group-is-layout-flex\">\n<h2 class=\"wp-block-heading has-text-align-center is-style-asterisk\">Nh\u1eefng b\u1ea5t c\u00f4ng m\u00e0 m\u00ecnh v\u00e0 c\u00e1c m\u1eb9 b\u1ec9m \u0111\u00e3 ph\u1ea3i ch\u1ecbu<\/h2>\n\n\n\n<p class=\"has-text-align-center\">Tham gia kh\u00f3a h\u1ecdc v\u1edbi gi\u00e1 c\u1eaft c\u1ed5, m\u00ecnh v\u00e0 c\u00e1c m\u1eb9 \u0111\u00e3 &#8220;\u0111\u01b0\u1ee3c&#8221; nh\u1eefng g\u00ec ??? <\/p>\n<\/div>\n\n\n\n<div style=\"height:var(--wp--preset--spacing--40)\" aria-hidden=\"true\" class=\"wp-block-spacer\"><\/div>\n\n\n\n<div class=\"wp-block-columns alignwide is-layout-flex wp-container-core-columns-is-layout-b1b80ead wp-block-columns-is-layout-flex\">\n<div class=\"wp-block-column is-vertically-aligned-center is-layout-flow wp-block-column-is-layout-flow\" style=\"flex-basis:40%\">\n<h3 class=\"wp-block-heading is-style-asterisk\"><strong>Ki\u1ebfn th\u1ee9c l\u1ed9n x\u1ed9n v\u1edbi gi\u00e1 c\u1eaft c\u1ed5<\/strong><\/h3>\n\n\n\n<ul style=\"line-height:1.75\" class=\"wp-block-list is-style-checkmark-list\">\n<li>B\u1ecf v\u00e0i tri\u1ec7u \u0111\u1ec3 h\u1ecdc nh\u01b0ng ch\u1ec9 \u0111\u1ecdc b\u00e0i ghim<\/li>\n\n\n\n<li>\u0110\u01b0\u1ee3c ad v\u00e0o nh\u00f3m nh\u01b0ng QTV ph\u1edbt l\u1edd nh\u1eefng c\u00e2u h\u1ecfi c\u1ee7a m\u1eb9 b\u1ec9m m\u00e0 ch\u1ec9 n\u00f3i &#8220;\u0111\u1ecdc b\u00e0i ghim&#8217;<\/li>\n\n\n\n<li>T\u01b0 v\u1ea5n chung chung, d\u1eadp khu\u00f4n m\u00e1y m\u00f3c<\/li>\n\n\n\n<li>\u00c1p d\u1ee5ng nh\u01b0ng b\u00e9 ng\u00e0y c\u00e0ng bi\u1ebfng n\u1eb7ng h\u01a1n, m\u1eb9 stress h\u01a1n<\/li>\n<\/ul>\n<\/div>\n\n\n\n<div class=\"wp-block-column is-layout-flow wp-block-column-is-layout-flow\" style=\"flex-basis:50%\">\n<figure class=\"wp-block-image size-full is-resized is-style-rounded\"><img loading=\"lazy\" decoding=\"async\" width=\"1077\" height=\"522\" src=\"https:\/\/batlote.org\/wp-content\/uploads\/2024\/09\/Screenshot-2024-09-18-233857.png\" alt=\"\" class=\"wp-image-124\" style=\"width:780px;height:auto\" srcset=\"https:\/\/batlote.org\/wp-content\/uploads\/2024\/09\/Screenshot-2024-09-18-233857.png 1077w, https:\/\/batlote.org\/wp-content\/uploads\/2024\/09\/Screenshot-2024-09-18-233857-300x145.png 300w, https:\/\/batlote.org\/wp-content\/uploads\/2024\/09\/Screenshot-2024-09-18-233857-1024x496.png 1024w, https:\/\/batlote.org\/wp-content\/uploads\/2024\/09\/Screenshot-2024-09-18-233857-768x372.png 768w\" sizes=\"auto, (max-width: 1077px) 100vw, 1077px\" \/><\/figure>\n<\/div>\n<\/div>\n\n\n\n<div style=\"height:var(--wp--preset--spacing--40)\" aria-hidden=\"true\" class=\"wp-block-spacer\"><\/div>\n\n\n\n<div class=\"wp-block-columns alignwide is-layout-flex wp-container-core-columns-is-layout-b1b80ead wp-block-columns-is-layout-flex\">\n<div class=\"wp-block-column is-layout-flow wp-block-column-is-layout-flow\" style=\"flex-basis:50%\">\n<figure class=\"wp-block-image size-full is-style-rounded\"><img loading=\"lazy\" decoding=\"async\" width=\"1073\" height=\"525\" src=\"https:\/\/batlote.org\/wp-content\/uploads\/2024\/09\/Screenshot-2024-09-18-234318.png\" alt=\"\" class=\"wp-image-125\" srcset=\"https:\/\/batlote.org\/wp-content\/uploads\/2024\/09\/Screenshot-2024-09-18-234318.png 1073w, https:\/\/batlote.org\/wp-content\/uploads\/2024\/09\/Screenshot-2024-09-18-234318-300x147.png 300w, https:\/\/batlote.org\/wp-content\/uploads\/2024\/09\/Screenshot-2024-09-18-234318-1024x501.png 1024w, https:\/\/batlote.org\/wp-content\/uploads\/2024\/09\/Screenshot-2024-09-18-234318-768x376.png 768w\" sizes=\"auto, (max-width: 1073px) 100vw, 1073px\" \/><\/figure>\n<\/div>\n\n\n\n<div class=\"wp-block-column is-vertically-aligned-center is-layout-flow wp-block-column-is-layout-flow\" style=\"flex-basis:40%\">\n<h3 class=\"wp-block-heading is-style-asterisk\">L\u00e0 h\u1ecdc vi\u00ean m\u1ea5t ti\u1ec1n nh\u01b0ng kh\u00f4ng \u0111\u01b0\u1ee3c n\u00f3i ra c\u1ea3m ngh\u0129 <\/h3>\n\n\n\n<ul style=\"line-height:1.75\" class=\"wp-block-list is-style-checkmark-list\">\n<li>M\u1ea5t ti\u1ec1n h\u1ecdc nh\u01b0ng kh\u00f4ng \u0111\u01b0\u1ee3c ph\u00e9p b\u00e0y t\u1ecf \u00fd ki\u1ebfn.<\/li>\n\n\n\n<li>Ph\u1ea3i khen ng\u1ee3i, n\u1ebfu kh\u00f4ng s\u1ebd b\u1ecb block.<\/li>\n\n\n\n<li>Khi n\u00f3i kh\u00f3a h\u1ecdc kh\u00f4ng h\u1ed7 tr\u1ee3, admin v\u00e0 nick \u1ea3o s\u1ebd c\u00f4ng k\u00edch.<\/li>\n\n\n\n<li>B\u1ea1n m\u00ecnh chia s\u1ebb th\u1eb3ng th\u1eafn \u0111\u1ec3 admin c\u1ea3i thi\u1ec7n nh\u01b0ng b\u1ecb ch\u1eedi b\u1edbi v\u00e0 l\u00f4i c\u1ea3 ng\u01b0\u1eddi th\u00e2n v\u00e0o.<\/li>\n\n\n\n<li>Ch\u1ec9 c\u1ea7n n\u00f3i kh\u00f3a kh\u00e1c hi\u1ec7u qu\u1ea3 c\u0169ng b\u1ecb ch\u1eedi v\u00e0 g\u00e1n m\u00e1c l\u1eeba \u0111\u1ea3o.<\/li>\n\n\n\n<li>Admin t\u1ef1 nh\u1eadn l\u00e0 ng\u01b0\u1eddi ngh\u0129 ra ph\u01b0\u01a1ng ph\u00e1p d\u00f9 h\u1ecdc t\u1eeb ng\u01b0\u1eddi kh\u00e1c, th\u01b0\u1eddng xuy\u00ean c\u00f4ng k\u00edch v\u00e0 chia b\u00e8 ph\u00e1i.<\/li>\n<\/ul>\n<\/div>\n<\/div>\n<\/div><\/div>\n<\/div><\/div>\n\n\n\n<div class=\"wp-block-group alignfull has-base-color has-contrast-background-color has-text-color has-background\" style=\"margin-top:0;margin-bottom:0;padding-top:var(--wp--preset--spacing--60);padding-right:var(--wp--preset--spacing--60);padding-bottom:var(--wp--preset--spacing--60);padding-left:var(--wp--preset--spacing--60)\"><div class=\"wp-block-group__inner-container is-layout-constrained wp-container-core-group-is-layout-6b0914bc wp-block-group-is-layout-constrained\">\n<div class=\"wp-block-group\"><div class=\"wp-block-group__inner-container is-layout-constrained wp-block-group-is-layout-constrained\">\n<p class=\"has-text-align-center has-base-color has-text-color has-heading-font-family has-x-large-font-size\" style=\"line-height:1.2\"><em><strong>\u0110\u00e3 \u0111\u1ebfn l\u00fac BATLOTE d\u1eebng vi\u1ec7c kinh doanh tr\u00ean t\u00e2m l\u00fd non n\u1edbt c\u1ee7a m\u1eb9 b\u1ec9m<\/strong><\/em><\/p>\n\n\n\n<div style=\"height:var(--wp--preset--spacing--10)\" aria-hidden=\"true\" class=\"wp-block-spacer\"><\/div>\n\n\n\n<div class=\"wp-block-group is-vertical is-content-justification-center is-nowrap is-layout-flex wp-container-core-group-is-layout-a9ff9874 wp-block-group-is-layout-flex\">\n<p class=\"has-text-align-center\" style=\"margin-top:var(--wp--preset--spacing--10);margin-bottom:0\">N\u1ea1n nh\u00e2n c\u1ee7a BATLOTE<\/p>\n\n\n\n<p class=\"has-text-align-center has-contrast-3-color has-text-color has-small-font-size\" style=\"font-style:normal;font-weight:300\"><\/p>\n<\/div>\n<\/div><\/div>\n<\/div><\/div>\n\n\n\n<div class=\"wp-block-group alignfull\" style=\"margin-top:0;margin-bottom:0;padding-top:var(--wp--preset--spacing--50);padding-right:var(--wp--preset--spacing--50);padding-bottom:var(--wp--preset--spacing--50);padding-left:var(--wp--preset--spacing--50)\"><div class=\"wp-block-group__inner-container is-layout-constrained wp-container-core-group-is-layout-9cf8f26d wp-block-group-is-layout-constrained\">\n<h2 class=\"wp-block-heading alignwide has-x-large-font-size\" style=\"margin-top:0;margin-bottom:var(--wp--preset--spacing--40);line-height:1\"><strong>H\u00c3Y \u0110\u1ee8NG L\u00caN N\u00d3I RA S\u1ef0 TH\u1eacT V\u1ec0 KH\u00d3A H\u1eccC L\u00d9A G\u00c0 BATLOTE !!<\/strong><\/h2>\n\n\n\n<div class=\"wp-block-group alignwide\"><div class=\"wp-block-group__inner-container is-layout-constrained wp-block-group-is-layout-constrained\">\n<div class=\"wp-block-query alignwide is-layout-flow wp-block-query-is-layout-flow\">\n\n\n<div style=\"height:var(--wp--preset--spacing--30)\" aria-hidden=\"true\" class=\"wp-block-spacer\"><\/div>\n\n\n<\/div>\n<\/div><\/div>\n<\/div><\/div>\n\n\n\n<div class=\"wp-block-group alignfull\" style=\"margin-top:0;margin-bottom:0;padding-top:var(--wp--preset--spacing--50);padding-right:var(--wp--preset--spacing--50);padding-bottom:var(--wp--preset--spacing--50);padding-left:var(--wp--preset--spacing--50)\"><div class=\"wp-block-group__inner-container is-layout-constrained wp-container-core-group-is-layout-9cf8f26d wp-block-group-is-layout-constrained\">\n<div class=\"wp-block-group alignwide has-base-2-background-color has-background\" style=\"border-radius:16px;padding-top:var(--wp--preset--spacing--40);padding-right:var(--wp--preset--spacing--50);padding-bottom:var(--wp--preset--spacing--40);padding-left:var(--wp--preset--spacing--50)\"><div class=\"wp-block-group__inner-container is-layout-constrained wp-container-core-group-is-layout-282d97d7 wp-block-group-is-layout-constrained\">\n<div style=\"height:var(--wp--preset--spacing--10)\" aria-hidden=\"true\" class=\"wp-block-spacer\"><\/div>\n\n\n\n<h2 class=\"wp-block-heading has-text-align-center has-x-large-font-size\">H\u01a1n +10.000 m\u1eb9 \u0111\u00e3 v\u00e0 \u0111ang l\u00e0 n\u1ea1n nh\u00e2n c\u1ee7a BATLOTE <\/h2>\n\n\n\n<p class=\"has-text-align-center\">H\u00e3y c\u00f9ng m\u00ecnh n\u00f3i l\u00ean s\u1ef1 th\u1eadt, ng\u0103n ch\u1eb7n s\u1ef1 kinh doanh tr\u00e1o tr\u1ee3n \u0111\u00f3 tr\u00ean t\u00e2m l\u00fd m\u1eb9 b\u1ec9m<\/p>\n\n\n\n<div class=\"wp-block-buttons is-content-justification-center is-layout-flex wp-container-core-buttons-is-layout-16018d1d wp-block-buttons-is-layout-flex\">\n<div class=\"wp-block-button\"><a class=\"wp-block-button__link wp-element-button\">Chia s\u1ebb c\u00e2u chuy\u1ec7n<\/a><\/div>\n<\/div>\n\n\n\n<div style=\"height:var(--wp--preset--spacing--10)\" aria-hidden=\"true\" class=\"wp-block-spacer\"><\/div>\n<\/div><\/div>\n<\/div><\/div>\n\n\n\n<p><\/p>\n","protected":false},"excerpt":{"rendered":"<p>Xin ch\u00e0o c\u00e1c m\u1eb9 t\u1eebng l\u00e0 &#8216;n\u1ea1n nh\u00e2n&#8221; c\u1ee7a BATLOTE Ch\u1eafc h\u1eb3n khi l\u00e0m m\u1eb9, m\u1ed7i ch\u00fang ta \u0111\u1ec1u c\u00f3 nh\u1eefng l\u00fac c\u1ea3m th\u1ea5y loay hoay khi con qu\u1ea5y kh\u00f3c, l\u01b0\u1eddi \u0103n s\u1eefa v\u00e0 tr\u1eb1n tr\u1ecdc khi ng\u1ee7 v\u00e0 t\u00ecm \u0111\u1ee7 m\u1ecdi c\u00e1ch \u0111\u1ec3 kh\u1eafc ph\u1ee5c. L\u1ee3i d\u1ee5ng nh\u1eefng l\u00fac &#8220;y\u1ebfu l\u00f2ng&#8221; c\u1ee7a c\u00e1c m\u1eb9 [&hellip;]<\/p>\n","protected":false},"author":1,"featured_media":0,"parent":0,"menu_order":0,"comment_status":"closed","ping_status":"closed","template":"","meta":{"footnotes":""},"class_list":["post-92","page","type-page","status-publish","hentry"],"_links":{"self":[{"href":"https:\/\/batlote.org\/index.php?rest_route=\/wp\/v2\/pages\/92","targetHints":{"allow":["GET"]}}],"collection":[{"href":"https:\/\/batlote.org\/index.php?rest_route=\/wp\/v2\/pages"}],"about":[{"href":"https:\/\/batlote.org\/index.php?rest_route=\/wp\/v2\/types\/page"}],"author":[{"embeddable":true,"href":"https:\/\/batlote.org\/index.php?rest_route=\/wp\/v2\/users\/1"}],"replies":[{"embeddable":true,"href":"https:\/\/batlote.org\/index.php?rest_route=%2Fwp%2Fv2%2Fcomments&post=92"}],"version-history":[{"count":7,"href":"https:\/\/batlote.org\/index.php?rest_route=\/wp\/v2\/pages\/92\/revisions"}],"predecessor-version":[{"id":138,"href":"https:\/\/batlote.org\/index.php?rest_route=\/wp\/v2\/pages\/92\/revisions\/138"}],"wp:attachment":[{"href":"https:\/\/batlote.org\/index.php?rest_route=%2Fwp%2Fv2%2Fmedia&parent=92"}],"curies":[{"name":"wp","href":"https:\/\/api.w.org\/{rel}","templated":true}]}}